{"id":500,"date":"2021-08-20T13:56:12","date_gmt":"2021-08-20T11:56:12","guid":{"rendered":"https:\/\/cori.martinc.cz\/?page_id=500"},"modified":"2021-10-08T08:56:50","modified_gmt":"2021-10-08T06:56:50","slug":"video","status":"publish","type":"page","link":"https:\/\/cori.martinc.cz\/index.php\/video\/","title":{"rendered":"Video"},"content":{"rendered":"\n<h2 class=\"wp-block-heading\">30.9.2021 Cvi\u010den\u00ed poslu\u0161nosti v Mochov\u011b<\/h2>\n\n\n\n<figure class=\"wp-block-embed is-type-video is-provider-youtube wp-block-embed-youtube wp-embed-aspect-4-3 wp-has-aspect-ratio\"><div class=\"wp-block-embed__wrapper\">\n<iframe loading=\"lazy\" title=\"Cvi\u010den\u00ed poslu\u0161nosti - 6 m\u011bs\u00edc\u016f\" width=\"500\" height=\"375\" src=\"https:\/\/www.youtube.com\/embed\/PVbCLJ4rQv8?feature=oembed\" frameborder=\"0\" allow=\"accelerometer; autoplay; clipboard-write; encrypted-media; gyroscope; picture-in-picture; web-share\" referrerpolicy=\"strict-origin-when-cross-origin\" allowfullscreen><\/iframe>\n<\/div><\/figure>\n\n\n\n<h2 class=\"wp-block-heading\">18.8.2021 Socializace s Cassee (6 let) a Dixie (13 m\u011bs\u00edc\u016f)<\/h2>\n\n\n\n<figure class=\"wp-block-embed is-type-video is-provider-youtube wp-block-embed-youtube wp-embed-aspect-16-9 wp-has-aspect-ratio\"><div class=\"wp-block-embed__wrapper\">\n<iframe loading=\"lazy\" title=\"Socializace Cori s Cassee a Dixie\" width=\"500\" height=\"281\" src=\"https:\/\/www.youtube.com\/embed\/fFr9ZtoZDzA?feature=oembed\" frameborder=\"0\" allow=\"accelerometer; autoplay; clipboard-write; encrypted-media; gyroscope; picture-in-picture; web-share\" referrerpolicy=\"strict-origin-when-cross-origin\" allowfullscreen><\/iframe>\n<\/div><\/figure>\n\n\n\n<h2 class=\"wp-block-heading\">27.3.2021 Krmen\u00ed<\/h2>\n\n\n\n<figure class=\"wp-block-embed is-type-video is-provider-youtube wp-block-embed-youtube wp-embed-aspect-16-9 wp-has-aspect-ratio\"><div class=\"wp-block-embed__wrapper\">\n<iframe loading=\"lazy\" title=\"\u0160t\u011b\u0148ata Arna Abrakadabra Javael Bohemia X Bruffen Fatymona\" width=\"500\" height=\"281\" src=\"https:\/\/www.youtube.com\/embed\/oL2CZzGn3fo?feature=oembed\" frameborder=\"0\" allow=\"accelerometer; autoplay; clipboard-write; encrypted-media; gyroscope; picture-in-picture; web-share\" referrerpolicy=\"strict-origin-when-cross-origin\" allowfullscreen><\/iframe>\n<\/div><\/figure>\n","protected":false},"excerpt":{"rendered":"<p class=\"qua-blog-post-description\">30.9.2021 Cvi\u010den\u00ed poslu\u0161nosti v Mochov\u011b 18.8.2021 Socializace s Cassee (6 let) a Dixie (13 m\u011bs\u00edc\u016f) 27.3.2021 Krmen\u00ed<\/p>\n","protected":false},"author":1,"featured_media":0,"parent":0,"menu_order":0,"comment_status":"closed","ping_status":"closed","template":"full-width.php","meta":{"ngg_post_thumbnail":0,"footnotes":""},"class_list":["post-500","page","type-page","status-publish","hentry"],"jetpack_sharing_enabled":true,"_links":{"self":[{"href":"https:\/\/cori.martinc.cz\/index.php\/wp-json\/wp\/v2\/pages\/500","targetHints":{"allow":["GET"]}}],"collection":[{"href":"https:\/\/cori.martinc.cz\/index.php\/wp-json\/wp\/v2\/pages"}],"about":[{"href":"https:\/\/cori.martinc.cz\/index.php\/wp-json\/wp\/v2\/types\/page"}],"author":[{"embeddable":true,"href":"https:\/\/cori.martinc.cz\/index.php\/wp-json\/wp\/v2\/users\/1"}],"replies":[{"embeddable":true,"href":"https:\/\/cori.martinc.cz\/index.php\/wp-json\/wp\/v2\/comments?post=500"}],"version-history":[{"count":4,"href":"https:\/\/cori.martinc.cz\/index.php\/wp-json\/wp\/v2\/pages\/500\/revisions"}],"predecessor-version":[{"id":508,"href":"https:\/\/cori.martinc.cz\/index.php\/wp-json\/wp\/v2\/pages\/500\/revisions\/508"}],"wp:attachment":[{"href":"https:\/\/cori.martinc.cz\/index.php\/wp-json\/wp\/v2\/media?parent=500"}],"curies":[{"name":"wp","href":"https:\/\/api.w.org\/{rel}","templated":true}]}}