{"id":138,"date":"2021-05-13T15:30:39","date_gmt":"2021-05-13T13:30:39","guid":{"rendered":"https:\/\/cori.martinc.cz\/?page_id=138"},"modified":"2021-08-16T15:26:51","modified_gmt":"2021-08-16T13:26:51","slug":"fotogalerie","status":"publish","type":"page","link":"https:\/\/cori.martinc.cz\/index.php\/fotogalerie\/","title":{"rendered":"Fotogalerie"},"content":{"rendered":"\n<h2 class=\"wp-block-heading\">14. &#8211; 15.8.2021 &#8211; Poprv\u00e9 na chalup\u011b<\/h2>\n\n\n\nngg_shortcode_0_placeholder\n\n\n\n<h2 class=\"wp-block-heading\">14.8.2021 &#8211; Podruh\u00e9 na obran\u00e1ch<\/h2>\n\n\n\nngg_shortcode_1_placeholder\n\n\n\n<h2 class=\"wp-block-heading\">31.7.2021 &#8211; Socializace s Cassey<\/h2>\n\n\n\nngg_shortcode_2_placeholder\n\n\n\n<h2 class=\"wp-block-heading\">12. &#8211; 19.7.2021 &#8211; Dovolen\u00e1 Doln\u00ed Morava<\/h2>\n\n\n\nngg_shortcode_3_placeholder\n\n\n\n<h2 class=\"wp-block-heading\">10.7.2021 &#8211; Prvn\u00ed n\u00e1v\u0161t\u011bva zoo &#8211; Dv\u016fr Kr\u00e1lov\u00e9<\/h2>\n\n\n\nngg_shortcode_4_placeholder\n\n\n\n<h2 class=\"wp-block-heading\">26.6.2021 &#8211; U p\u00e1n\u00ed\u010dka je dob\u0159e. Jen je pot\u0159eba ho ob\u010das okousat<\/h2>\n\n\n\nngg_shortcode_5_placeholder\n\n\n\n<h2 class=\"wp-block-heading\">23.6.2021<\/h2>\n\n\n\nngg_shortcode_6_placeholder\n\n\n\n<h2 class=\"wp-block-heading\">16.6.2021<\/h2>\n\n\n\nngg_shortcode_7_placeholder\n\n\n\n<h2 class=\"wp-block-heading\">27.5.2021<\/h2>\n\n\n\nngg_shortcode_8_placeholder\n\n\n\n<h2 class=\"wp-block-heading\">19.5.2021<\/h2>\n\n\n\nngg_shortcode_9_placeholder\n\n\n\n<h2 class=\"wp-block-heading\">16.5.2021<\/h2>\n\n\n\nngg_shortcode_10_placeholder\n\n\n\n<h2 class=\"wp-block-heading\">13.5.2021 &#8211; Pomoc na home office a v kade\u0159nictv\u00ed<\/h2>\n\n\n\nngg_shortcode_11_placeholder\n\n\n\n<h2 class=\"wp-block-heading\">12.5.2021 &#8211; Cesta dom\u016f a prvn\u00ed den v nov\u00e9m domov\u011b<\/h2>\n\n\n\nngg_shortcode_12_placeholder\n\n\n\n<h2 class=\"wp-block-heading\">30.4.2021<\/h2>\n\n\n\nngg_shortcode_13_placeholder\n\n\n\n<h2 class=\"wp-block-heading\">20.4.2021<\/h2>\n\n\n\nngg_shortcode_14_placeholder\n\n\n\n<h2 class=\"wp-block-heading\">10.4.2021<\/h2>\n\n\n\nngg_shortcode_15_placeholder\n\n\n\n<h2 class=\"wp-block-heading\">3.4.2021<\/h2>\n\n\n\nngg_shortcode_16_placeholder\n\n\n\n<h2 class=\"wp-block-heading\">27.3.2021<\/h2>\n\n\n\nngg_shortcode_17_placeholder\n","protected":false},"excerpt":{"rendered":"<p class=\"qua-blog-post-description\">14. &#8211; 15.8.2021 &#8211; Poprv\u00e9 na chalup\u011b 14.8.2021 &#8211; Podruh\u00e9 na obran\u00e1ch 31.7.2021 &#8211; Socializace s Cassey 12. &#8211; 19.7.2021 &#8211; Dovolen\u00e1 Doln\u00ed Morava 10.7.2021 &#8211; Prvn\u00ed n\u00e1v\u0161t\u011bva zoo &#8211; Dv\u016fr Kr\u00e1lov\u00e9 26.6.2021 &#8211; U p\u00e1n\u00ed\u010dka je dob\u0159e. Jen je pot\u0159eba ho ob\u010das okousat 23.6.2021 16.6.2021 27.5.2021 19.5.2021 16.5.2021 13.5.2021 &#8211; Pomoc na home office [&hellip;]<\/p>\n","protected":false},"author":1,"featured_media":0,"parent":0,"menu_order":0,"comment_status":"closed","ping_status":"closed","template":"full-width.php","meta":{"ngg_post_thumbnail":0,"footnotes":""},"class_list":["post-138","page","type-page","status-publish","hentry"],"jetpack_sharing_enabled":true,"_links":{"self":[{"href":"https:\/\/cori.martinc.cz\/index.php\/wp-json\/wp\/v2\/pages\/138","targetHints":{"allow":["GET"]}}],"collection":[{"href":"https:\/\/cori.martinc.cz\/index.php\/wp-json\/wp\/v2\/pages"}],"about":[{"href":"https:\/\/cori.martinc.cz\/index.php\/wp-json\/wp\/v2\/types\/page"}],"author":[{"embeddable":true,"href":"https:\/\/cori.martinc.cz\/index.php\/wp-json\/wp\/v2\/users\/1"}],"replies":[{"embeddable":true,"href":"https:\/\/cori.martinc.cz\/index.php\/wp-json\/wp\/v2\/comments?post=138"}],"version-history":[{"count":7,"href":"https:\/\/cori.martinc.cz\/index.php\/wp-json\/wp\/v2\/pages\/138\/revisions"}],"predecessor-version":[{"id":491,"href":"https:\/\/cori.martinc.cz\/index.php\/wp-json\/wp\/v2\/pages\/138\/revisions\/491"}],"wp:attachment":[{"href":"https:\/\/cori.martinc.cz\/index.php\/wp-json\/wp\/v2\/media?parent=138"}],"curies":[{"name":"wp","href":"https:\/\/api.w.org\/{rel}","templated":true}]}}