{"id":123,"date":"2021-05-13T15:18:58","date_gmt":"2021-05-13T13:18:58","guid":{"rendered":"https:\/\/cori.martinc.cz\/?page_id=123"},"modified":"2021-05-13T15:18:58","modified_gmt":"2021-05-13T13:18:58","slug":"kalendar","status":"publish","type":"page","link":"https:\/\/cori.martinc.cz\/index.php\/kalendar\/","title":{"rendered":"Kalend\u00e1\u0159"},"content":{"rendered":"\n<figure class=\"wp-block-table\"><table><tbody><tr><td><div class=\"wptb-container-legacy\" data-table-id=\"122\">\n    <table class=\"wptb-preview-table wptb-element-main-table_setting-122\" data-reconstraction=\"1\" style=\"border: 0px solid rgb(209, 209, 209);\" data-wptb-table-tds-sum-max-width=\"220\" data-wptb-cells-width-auto-count=\"1\" data-wptb-extra-styles=\"LyogRW50ZXIgeW91ciBjdXN0b20gQ1NTIHJ1bGVzIGhlcmUgKi8=\" role=\"table\" data-wptb-header-background-color=\"\" data-wptb-td-width-auto=\"47\" data-disable-theme-styles=\"1\" data-table-columns=\"2\"><tbody><tr class=\"wptb-row\" style=\"\"><td class=\"wptb-cell\" data-y-index=\"0\" data-x-index=\"0\" style=\"border: 1px none rgb(209, 209, 209); width: 113px;\"><div class=\"wptb-text-container wptb-ph-element wptb-element-text-1\"><div class=\"\" style=\"position: relative;\"><p class=\"\"><strong>Datum<\/strong><\/p><\/div><\/div><\/td><td class=\"wptb-cell\" data-y-index=\"0\" data-x-index=\"1\" style=\"border: 1px none rgb(209, 209, 209);\" data-wptb-css-td-auto-width=\"true\"><div class=\"wptb-text-container wptb-ph-element wptb-element-text-2\"><div class=\"\" style=\"position: relative;\"><p class=\"\"><strong>Ud\u00e1lost<\/strong><\/p><\/div><\/div><\/td><\/tr><tr class=\"wptb-row\"><td class=\"wptb-cell\" style=\"border: 1px none rgb(209, 209, 209); width: 113px;\" data-x-index=\"0\" data-y-index=\"1\"><div class=\"wptb-text-container wptb-ph-element wptb-element-text-41\"><div class=\"\" style=\"position: relative;\"><p>25.-28.9.2021<\/p><\/div><\/div><\/td><td class=\"wptb-cell\" style=\"border: 1px none rgb(209, 209, 209);\" data-x-index=\"1\" data-y-index=\"1\" data-wptb-css-td-auto-width=\"true\"><div class=\"wptb-text-container wptb-ph-element wptb-element-text-42\"><div class=\"\" style=\"position: relative;\"><p>V\u00fdcvikov\u00fd t\u00e1bor v ZKO K\u00e1cov<\/p><\/div><\/div><\/td><\/tr><tr class=\"wptb-row\"><td class=\"wptb-cell\" style=\"border: 1px none rgb(209, 209, 209); width: 113px;\" data-x-index=\"0\" data-y-index=\"2\"><div class=\"wptb-text-container wptb-ph-element wptb-element-text-37\"><div class=\"\" style=\"position: relative;\"><p>14.8.2021<\/p><\/div><\/div><\/td><td class=\"wptb-cell\" style=\"border: 1px none rgb(209, 209, 209);\" data-x-index=\"1\" data-y-index=\"2\" data-wptb-css-td-auto-width=\"true\"><div class=\"wptb-text-container wptb-ph-element wptb-element-text-38\"><div class=\"\" style=\"position: relative;\"><p>Prvn\u00ed koup\u00e1n\u00ed v \u0159ece (Berounka v Ni\u017ebo\u0159e) a prvn\u00ed noc na chalup\u011b<\/p><\/div><\/div><\/td><\/tr><tr class=\"wptb-row\"><td class=\"wptb-cell\" style=\"border: 1px none rgb(209, 209, 209); width: 113px;\" data-x-index=\"0\" data-y-index=\"3\"><div class=\"wptb-text-container wptb-ph-element wptb-element-text-33\"><div class=\"\" style=\"position: relative;\"><p>7.8.2021<\/p><\/div><\/div><\/td><td class=\"wptb-cell\" style=\"border: 1px none rgb(209, 209, 209);\" data-x-index=\"1\" data-y-index=\"3\" data-wptb-css-td-auto-width=\"true\"><div class=\"wptb-text-container wptb-ph-element wptb-element-text-34\"><div class=\"\" style=\"position: relative;\"><p>Prvn\u00ed cvi\u010den\u00ed obran. Celkov\u011b 3. n\u00e1v\u0161t\u011bva cvi\u010d\u00e1ku<\/p><\/div><\/div><\/td><\/tr><tr class=\"wptb-row\"><td class=\"wptb-cell\" style=\"border: 1px none rgb(209, 209, 209); width: 113px;\" data-x-index=\"0\" data-y-index=\"4\"><div class=\"wptb-text-container wptb-ph-element wptb-element-text-35\"><div class=\"\" style=\"position: relative;\"><p>27.7.2021<\/p><\/div><\/div><\/td><td class=\"wptb-cell\" style=\"border: 1px none rgb(209, 209, 209);\" data-x-index=\"1\" data-y-index=\"4\" data-wptb-css-td-auto-width=\"true\"><div class=\"wptb-text-container wptb-ph-element wptb-element-text-36\"><div class=\"\" style=\"position: relative;\"><p>Poprv\u00e9 na cvi\u010d\u00e1ku - poslu\u0161nost<\/p><\/div><\/div><\/td><\/tr><tr class=\"wptb-row\"><td class=\"wptb-cell\" style=\"border: 1px none rgb(209, 209, 209); width: 113px;\" data-x-index=\"0\" data-y-index=\"5\"><div class=\"wptb-text-container wptb-ph-element wptb-element-text-29\"><div class=\"\" style=\"position: relative;\"><p>17.7.2021<\/p><\/div><\/div><\/td><td class=\"wptb-cell\" style=\"border: 1px none rgb(209, 209, 209);\" data-x-index=\"1\" data-y-index=\"5\" data-wptb-css-td-auto-width=\"true\"><div class=\"wptb-text-container wptb-ph-element wptb-element-text-30\"><div class=\"\" style=\"position: relative;\"><p>Poprv\u00e9 v zahrani\u010d\u00ed - Polsko<\/p><\/div><\/div><\/td><\/tr><tr class=\"wptb-row\"><td class=\"wptb-cell\" style=\"border: 1px none rgb(209, 209, 209); width: 113px;\" data-x-index=\"0\" data-y-index=\"6\"><div class=\"wptb-text-container wptb-ph-element wptb-element-text-27\"><div class=\"\" style=\"position: relative;\"><p>12.-19.7.2021<\/p><\/div><\/div><\/td><td class=\"wptb-cell\" style=\"border: 1px none rgb(209, 209, 209);\" data-x-index=\"1\" data-y-index=\"6\" data-wptb-css-td-auto-width=\"true\"><div class=\"wptb-text-container wptb-ph-element wptb-element-text-28\"><div class=\"\" style=\"position: relative;\"><p>Prvn\u00ed dovolen\u00e1 - Doln\u00ed Morava<\/p><\/div><\/div><\/td><\/tr><tr class=\"wptb-row\"><td class=\"wptb-cell\" style=\"border: 1px none rgb(209, 209, 209); width: 113px;\" data-x-index=\"0\" data-y-index=\"7\"><div class=\"wptb-text-container wptb-ph-element wptb-element-text-25\"><div class=\"\" style=\"position: relative;\"><p>10.7.2021<\/p><\/div><\/div><\/td><td class=\"wptb-cell\" style=\"border: 1px none rgb(209, 209, 209);\" data-x-index=\"1\" data-y-index=\"7\" data-wptb-css-td-auto-width=\"true\"><div class=\"wptb-text-container wptb-ph-element wptb-element-text-26\"><div class=\"\" style=\"position: relative;\"><p>Prvn\u00ed n\u00e1v\u0161t\u011bva zoo - Dv\u016fr Kr\u00e1lov\u00e9<\/p><\/div><\/div><\/td><\/tr><tr class=\"wptb-row\"><td class=\"wptb-cell\" style=\"border: 1px none rgb(209, 209, 209); width: 113px;\" data-x-index=\"0\" data-y-index=\"8\"><div class=\"wptb-text-container wptb-ph-element wptb-element-text-23\"><div class=\"\" style=\"position: relative;\"><p>24.6.2021<\/p><\/div><\/div><\/td><td class=\"wptb-cell\" style=\"border: 1px none rgb(209, 209, 209);\" data-x-index=\"1\" data-y-index=\"8\" data-wptb-css-td-auto-width=\"true\"><div class=\"wptb-text-container wptb-ph-element wptb-element-text-24\"><div class=\"\" style=\"position: relative;\"><p>Druh\u00e1 n\u00e1v\u0161t\u011bva veterin\u00e1\u0159e a 3. o\u010dkov\u00e1n\u00ed. V\u00e1ha 12,7 kg<\/p><\/div><\/div><\/td><\/tr><tr class=\"wptb-row\"><td class=\"wptb-cell\" style=\"border: 1px none rgb(209, 209, 209); width: 113px;\" data-x-index=\"0\" data-y-index=\"9\"><div class=\"wptb-text-container wptb-ph-element wptb-element-text-19\"><div class=\"\" style=\"position: relative;\"><p>27.5.2021<\/p><\/div><\/div><\/td><td class=\"wptb-cell\" style=\"border: 1px none rgb(209, 209, 209);\" data-x-index=\"1\" data-y-index=\"9\" data-wptb-css-td-auto-width=\"true\"><div class=\"wptb-text-container wptb-ph-element wptb-element-text-20\"><div class=\"\" style=\"position: relative;\"><p>Prvn\u00ed n\u00e1v\u0161t\u011bva veterin\u00e1\u0159e a 2. o\u010dkov\u00e1n\u00ed. V\u00e1ha 7,5 kg<\/p><\/div><\/div><\/td><\/tr><tr class=\"wptb-row\"><td class=\"wptb-cell\" data-y-index=\"10\" data-x-index=\"0\" style=\"border: 1px none rgb(209, 209, 209); width: 113px;\"><div class=\"wptb-text-container wptb-ph-element wptb-element-text-11\"><div class=\"\" style=\"position: relative;\"><p>16.5.2021<\/p><\/div><\/div><\/td><td class=\"wptb-cell\" data-y-index=\"10\" data-x-index=\"1\" style=\"border: 1px none rgb(209, 209, 209);\" data-wptb-css-td-auto-width=\"true\"><div class=\"wptb-text-container wptb-ph-element wptb-element-text-12\"><div class=\"\" style=\"position: relative;\"><p>Prvn\u00ed v\u00fdlet autem<\/p><\/div><\/div><\/td><\/tr><tr class=\"wptb-row\"><td class=\"wptb-cell\" data-y-index=\"11\" data-x-index=\"0\" style=\"border: 1px none rgb(209, 209, 209); width: 113px;\"><div class=\"wptb-text-container wptb-ph-element wptb-ondragenter wptb-element-text-9\"><div class=\"\" style=\"position: relative;\"><p>12.5.2021<\/p><\/div><\/div><\/td><td class=\"wptb-cell\" data-y-index=\"11\" data-x-index=\"1\" style=\"border: 1px none rgb(209, 209, 209);\" data-wptb-css-td-auto-width=\"true\"><div class=\"wptb-text-container wptb-ph-element wptb-element-text-10\"><div class=\"\" style=\"position: relative;\"><p>St\u011bhov\u00e1n\u00ed do nov\u00e9ho domova k nov\u00fdm p\u00e1n\u00ed\u010dk\u016fm<\/p><p><\/p><\/div><\/div><\/td><\/tr><tr class=\"wptb-row\"><td class=\"wptb-cell\" data-y-index=\"12\" data-x-index=\"0\" style=\"border: 1px none rgb(209, 209, 209); width: 113px;\"><div class=\"wptb-text-container wptb-ph-element wptb-element-text-7\"><div class=\"\" style=\"position: relative;\"><p>4.5.2021<\/p><p><\/p><\/div><\/div><\/td><td class=\"wptb-cell\" data-y-index=\"12\" data-x-index=\"1\" style=\"border: 1px none rgb(209, 209, 209);\" data-wptb-css-td-auto-width=\"true\"><div class=\"wptb-text-container wptb-ph-element wptb-ondragenter wptb-element-text-8\"><div class=\"\" style=\"position: relative;\"><p>Druh\u00e1 n\u00e1v\u0161t\u011bva u \u0161t\u011b\u0148at<\/p><p><\/p><\/div><\/div><\/td><\/tr><tr class=\"wptb-row\"><td class=\"wptb-cell\" style=\"border: 1px none rgb(209, 209, 209); width: 113px;\" data-x-index=\"0\" data-y-index=\"13\"><div class=\"wptb-text-container wptb-ph-element wptb-element-text-5\"><div class=\"\" style=\"position: relative;\"><p>16.4.2021<\/p><p><\/p><\/div><\/div><\/td><td class=\"wptb-cell\" style=\"border: 1px none rgb(209, 209, 209);\" data-x-index=\"1\" data-y-index=\"13\" data-wptb-css-td-auto-width=\"true\"><div class=\"wptb-text-container wptb-ph-element wptb-element-text-6\"><div class=\"\" style=\"position: relative;\"><p>Prvn\u00ed n\u00e1v\u0161t\u011bva u \u0161t\u011b\u0148at<\/p><p><\/p><\/div><\/div><\/td><\/tr><tr class=\"wptb-row\"><td class=\"wptb-cell\" style=\"border: 1px none rgb(209, 209, 209); width: 113px;\" data-x-index=\"0\" data-y-index=\"14\"><div class=\"wptb-text-container wptb-ph-element wptb-ondragenter wptb-element-text-3\"><div class=\"\" style=\"position: relative;\"><p>23.3.2021<\/p><\/div><\/div><\/td><td class=\"wptb-cell\" style=\"border: 1px none rgb(209, 209, 209);\" data-x-index=\"1\" data-y-index=\"14\" data-wptb-css-td-auto-width=\"true\"><div class=\"wptb-text-container wptb-ph-element wptb-element-text-4\"><div class=\"\" style=\"position: relative;\"><p>Narozen\u00ed<\/p><\/div><\/div><\/td><\/tr><\/tbody><\/table>\n<\/div>\n<\/td><\/tr><\/tbody><\/table><\/figure>\n","protected":false},"excerpt":{"rendered":"","protected":false},"author":1,"featured_media":0,"parent":0,"menu_order":0,"comment_status":"closed","ping_status":"closed","template":"full-width.php","meta":{"ngg_post_thumbnail":0,"footnotes":""},"class_list":["post-123","page","type-page","status-publish","hentry"],"jetpack_sharing_enabled":true,"_links":{"self":[{"href":"https:\/\/cori.martinc.cz\/index.php\/wp-json\/wp\/v2\/pages\/123","targetHints":{"allow":["GET"]}}],"collection":[{"href":"https:\/\/cori.martinc.cz\/index.php\/wp-json\/wp\/v2\/pages"}],"about":[{"href":"https:\/\/cori.martinc.cz\/index.php\/wp-json\/wp\/v2\/types\/page"}],"author":[{"embeddable":true,"href":"https:\/\/cori.martinc.cz\/index.php\/wp-json\/wp\/v2\/users\/1"}],"replies":[{"embeddable":true,"href":"https:\/\/cori.martinc.cz\/index.php\/wp-json\/wp\/v2\/comments?post=123"}],"version-history":[{"count":1,"href":"https:\/\/cori.martinc.cz\/index.php\/wp-json\/wp\/v2\/pages\/123\/revisions"}],"predecessor-version":[{"id":124,"href":"https:\/\/cori.martinc.cz\/index.php\/wp-json\/wp\/v2\/pages\/123\/revisions\/124"}],"wp:attachment":[{"href":"https:\/\/cori.martinc.cz\/index.php\/wp-json\/wp\/v2\/media?parent=123"}],"curies":[{"name":"wp","href":"https:\/\/api.w.org\/{rel}","templated":true}]}}